{"id":2350,"date":"2022-09-08T14:27:52","date_gmt":"2022-09-08T14:27:52","guid":{"rendered":"https:\/\/dev.ernestodafonseca.com\/?page_id=2350"},"modified":"2022-09-08T14:44:50","modified_gmt":"2022-09-08T14:44:50","slug":"imoveis-lisboa","status":"publish","type":"page","link":"https:\/\/www.ernestodafonseca.com\/en\/imoveis-lisboa\/","title":{"rendered":"Imoveis Lisboa"},"content":{"rendered":"<div data-elementor-type=\"wp-page\" data-elementor-id=\"2350\" class=\"elementor elementor-2350\">\n\t\t\t\t\t\t<section class=\"elementor-section elementor-top-section elementor-element elementor-element-00c7bf0 elementor-section-stretched elementor-section-boxed elementor-section-height-default elementor-section-height-default\" data-id=\"00c7bf0\" data-element_type=\"section\" data-e-type=\"section\" data-settings=\"{&quot;stretch_section&quot;:&quot;section-stretched&quot;}\">\n\t\t\t\t\t\t<div class=\"elementor-container elementor-column-gap-default\">\n\t\t\t\t\t<div class=\"elementor-column elementor-col-100 elementor-top-column elementor-element elementor-element-447ef12\" data-id=\"447ef12\" data-element_type=\"column\" data-e-type=\"column\">\n\t\t\t<div class=\"elementor-widget-wrap elementor-element-populated\">\n\t\t\t\t\t\t<div class=\"elementor-element elementor-element-f139909 mesdag elementor-widget elementor-widget-heading\" data-id=\"f139909\" data-element_type=\"widget\" data-e-type=\"widget\" data-widget_type=\"heading.default\">\n\t\t\t\t<div class=\"elementor-widget-container\">\n\t\t\t\t\t<h2 class=\"elementor-heading-title elementor-size-default\">Im\u00f3veis em Lisboa<\/h2>\t\t\t\t<\/div>\n\t\t\t\t<\/div>\n\t\t\t\t<div class=\"elementor-element elementor-element-bb92f42 elementor-widget elementor-widget-image\" data-id=\"bb92f42\" data-element_type=\"widget\" data-e-type=\"widget\" data-widget_type=\"image.default\">\n\t\t\t\t<div class=\"elementor-widget-container\">\n\t\t\t\t\t\t\t\t\t\t\t\t\t\t\t<img fetchpriority=\"high\" decoding=\"async\" width=\"1374\" height=\"722\" src=\"https:\/\/www.ernestodafonseca.com\/wp-content\/uploads\/2022\/08\/CleanShot-2022-08-28-at-19.37.56.png\" class=\"attachment-full size-full wp-image-2217\" alt=\"\" srcset=\"https:\/\/www.ernestodafonseca.com\/wp-content\/uploads\/2022\/08\/CleanShot-2022-08-28-at-19.37.56.png 1374w, https:\/\/www.ernestodafonseca.com\/wp-content\/uploads\/2022\/08\/CleanShot-2022-08-28-at-19.37.56-300x158.png 300w, https:\/\/www.ernestodafonseca.com\/wp-content\/uploads\/2022\/08\/CleanShot-2022-08-28-at-19.37.56-1024x538.png 1024w, https:\/\/www.ernestodafonseca.com\/wp-content\/uploads\/2022\/08\/CleanShot-2022-08-28-at-19.37.56-768x404.png 768w\" sizes=\"(max-width: 1374px) 100vw, 1374px\" title=\"\">\t\t\t\t\t\t\t\t\t\t\t\t\t\t\t<\/div>\n\t\t\t\t<\/div>\n\t\t\t\t\t<\/div>\n\t\t<\/div>\n\t\t\t\t\t<\/div>\n\t\t<\/section>\n\t\t\t\t<section class=\"elementor-section elementor-top-section elementor-element elementor-element-7575145 elementor-section-boxed elementor-section-height-default elementor-section-height-default\" data-id=\"7575145\" data-element_type=\"section\" data-e-type=\"section\">\n\t\t\t\t\t\t<div class=\"elementor-container elementor-column-gap-default\">\n\t\t\t\t\t<div class=\"elementor-column elementor-col-100 elementor-top-column elementor-element elementor-element-730ec1c\" data-id=\"730ec1c\" data-element_type=\"column\" data-e-type=\"column\">\n\t\t\t<div class=\"elementor-widget-wrap elementor-element-populated\">\n\t\t\t\t\t\t<div class=\"elementor-element elementor-element-80b226b uael-post__news-stack-no elementor-widget elementor-widget-uael-posts\" data-id=\"80b226b\" data-element_type=\"widget\" data-e-type=\"widget\" data-settings=\"{&quot;news_slides_to_show&quot;:1,&quot;news_slides_to_show_tablet&quot;:2,&quot;news_slides_to_show_mobile&quot;:1}\" data-widget_type=\"uael-posts.news\">\n\t\t\t\t<div class=\"elementor-widget-container\">\n\t\t\t\t\t\t\t<div class=\"uael-post__header\">\r\n\t\t\t\t\t<\/div>\r\n\t\t<div class=\"uael-post__body\">\r\n\t\t\t\r\n\t\t<div class=\"uael-post-image-left uael-post-grid uael-posts uael-post_structure-featured uael-featured_post_structure-\" data-query-type=\"custom\" data-structure=\"featured\" data-layout=\"\" data-page=\"0\" data-skin=\"news\" data-filter-default=\"\" data-offset-top=\"30\" >\r\n\r\n\t\t\t\r\n\r\n<div class=\"uael-post-wrapper  uael-post-wrapper-featured\">\r\n\t<div class=\"uael-post__bg-wrap\">\r\n\t\t\r\n\t\t\r\n\t\t<div class=\"uael-post__inner-wrap\">\r\n\r\n\t\t\t\t<div class=\"uael-post__thumbnail\">\r\n\t\t\t<a target=\"_self\" href=\"https:\/\/www.ernestodafonseca.com\/en\/imovel\/vende-se-t3-jardim-quinta-da-alagoa-carcavelos-garagem-box-com-vista-tranquila\/\" title=\"For sale 3-Bedroom Garden-Farmhouse on the Bay, Lisbon, Garage in a Box, with a view of the quiet\" style=\"background-image: url(&#039;https:\/\/www.ernestodafonseca.com\/wp-content\/uploads\/2025\/07\/13.jpg&#039;);\">\r\n\t\t\t\t\t\t\t\t<\/a>\r\n\t\t<\/div>\r\n\t\t\r\n\t\t\t\r\n\t\t\t<div class=\"uael-post__content-wrap\">\r\n\t\t\t\t<div class=\"uael-post__terms-wrap\">\r\n\t\t\t\t\t<span class=\"uael-post__terms\"><span class=\"uael-listing__terms-link\">Lisbon<\/span><\/span>\t\t\t\t<\/div>\r\n\t\t\t\t\t<h5 class=\"uael-post__title\">\r\n\r\n\t\t\r\n\t\t\t\t\t\t<a href=\"https:\/\/www.ernestodafonseca.com\/en\/imovel\/vende-se-t3-jardim-quinta-da-alagoa-carcavelos-garagem-box-com-vista-tranquila\/\" target=\"_self\">\r\n\t\t\t\tFor sale 3-Bedroom Garden-Farmhouse on the Bay, Lisbon, Garage in a Box, with a view of the quiet\t\t\t<\/a>\r\n\r\n\t\t\t\t<\/h5>\r\n\t\t\t\t\t<\/div>\r\n\t\t\t\r\n\t\t<\/div>\r\n\t\t\r\n\t<\/div>\r\n\r\n<\/div>\r\n\r\n\t\t\t\t\t\t<div class=\"uael-post-grid__inner uael-post__columns-1 uael-post__columns-tablet-2 uael-post__columns-mobile-1\">\r\n\t\t\t\r\n\r\n<div class=\"uael-post-wrapper\">\r\n\t<div class=\"uael-post__bg-wrap\">\r\n\t\t\r\n\t\t\r\n\t\t<div class=\"uael-post__inner-wrap\">\r\n\r\n\t\t\t\t<div class=\"uael-post__thumbnail\">\r\n\t\t\t<a target=\"_self\" href=\"https:\/\/www.ernestodafonseca.com\/en\/imovel\/arrenda-se-t4-paco-de-arcos-garagem-vista\/\" title=\"To rent 4-Bedrooms, Pa\u00e7o de Arcos, a garage, views.\" style=\"background-image: url(&#039;https:\/\/www.ernestodafonseca.com\/wp-content\/uploads\/2025\/06\/10-3.jpg&#039;);\">\r\n\t\t\t\t\t\t\t\t<\/a>\r\n\t\t<\/div>\r\n\t\t\r\n\t\t\t\r\n\t\t\t<div class=\"uael-post__content-wrap\">\r\n\t\t\t\t<div class=\"uael-post__terms-wrap\">\r\n\t\t\t\t\t<span class=\"uael-post__terms\"><span class=\"uael-listing__terms-link\">Lease<\/span><\/span>\t\t\t\t<\/div>\r\n\t\t\t\t\t<h5 class=\"uael-post__title\">\r\n\r\n\t\t\r\n\t\t\t\t\t\t<a href=\"https:\/\/www.ernestodafonseca.com\/en\/imovel\/arrenda-se-t4-paco-de-arcos-garagem-vista\/\" target=\"_self\">\r\n\t\t\t\tTo rent 4-Bedrooms, Pa\u00e7o de Arcos, a garage, views.\t\t\t<\/a>\r\n\r\n\t\t\t\t<\/h5>\r\n\t\t\t\t\t<\/div>\r\n\t\t\t\r\n\t\t<\/div>\r\n\t\t\r\n\t<\/div>\r\n\r\n<\/div>\r\n\r\n\r\n<div class=\"uael-post-wrapper\">\r\n\t<div class=\"uael-post__bg-wrap\">\r\n\t\t\r\n\t\t\r\n\t\t<div class=\"uael-post__inner-wrap\">\r\n\r\n\t\t\t\t<div class=\"uael-post__thumbnail\">\r\n\t\t\t<a target=\"_self\" href=\"https:\/\/www.ernestodafonseca.com\/en\/imovel\/moradia-t4-a-venda-na-rebelva-carcavelos\/\" title=\"Villa with 4 bedrooms for sale in Rebelva \u2013 Lisbon\" style=\"background-image: url(&#039;https:\/\/www.ernestodafonseca.com\/wp-content\/uploads\/2025\/06\/10-2.jpg&#039;);\">\r\n\t\t\t\t\t\t\t\t<\/a>\r\n\t\t<\/div>\r\n\t\t\r\n\t\t\t\r\n\t\t\t<div class=\"uael-post__content-wrap\">\r\n\t\t\t\t<div class=\"uael-post__terms-wrap\">\r\n\t\t\t\t\t<span class=\"uael-post__terms\"><span class=\"uael-listing__terms-link\">Lisbon<\/span><\/span>\t\t\t\t<\/div>\r\n\t\t\t\t\t<h5 class=\"uael-post__title\">\r\n\r\n\t\t\r\n\t\t\t\t\t\t<a href=\"https:\/\/www.ernestodafonseca.com\/en\/imovel\/moradia-t4-a-venda-na-rebelva-carcavelos\/\" target=\"_self\">\r\n\t\t\t\tVilla with 4 bedrooms for sale in Rebelva \u2013 Lisbon\t\t\t<\/a>\r\n\r\n\t\t\t\t<\/h5>\r\n\t\t\t\t\t<\/div>\r\n\t\t\t\r\n\t\t<\/div>\r\n\t\t\r\n\t<\/div>\r\n\r\n<\/div>\r\n\r\n\r\n<div class=\"uael-post-wrapper\">\r\n\t<div class=\"uael-post__bg-wrap\">\r\n\t\t\r\n\t\t\r\n\t\t<div class=\"uael-post__inner-wrap\">\r\n\r\n\t\t\t\t<div class=\"uael-post__thumbnail\">\r\n\t\t\t<a target=\"_self\" href=\"https:\/\/www.ernestodafonseca.com\/en\/imovel\/escritorio-em-open-space-completamente-remodelado-alges\/\" title=\"Escrit\u00f3rio em Open Space, completamente remodelado, Alg\u00e9s.\" style=\"background-image: url(&#039;https:\/\/www.ernestodafonseca.com\/wp-content\/uploads\/2025\/06\/10.jpg&#039;);\">\r\n\t\t\t\t\t\t\t\t<\/a>\r\n\t\t<\/div>\r\n\t\t\r\n\t\t\t\r\n\t\t\t<div class=\"uael-post__content-wrap\">\r\n\t\t\t\t<div class=\"uael-post__terms-wrap\">\r\n\t\t\t\t\t<span class=\"uael-post__terms\"><span class=\"uael-listing__terms-link\">Alg\u00e9s<\/span><\/span>\t\t\t\t<\/div>\r\n\t\t\t\t\t<h5 class=\"uael-post__title\">\r\n\r\n\t\t\r\n\t\t\t\t\t\t<a href=\"https:\/\/www.ernestodafonseca.com\/en\/imovel\/escritorio-em-open-space-completamente-remodelado-alges\/\" target=\"_self\">\r\n\t\t\t\tEscrit\u00f3rio em Open Space, completamente remodelado, Alg\u00e9s.\t\t\t<\/a>\r\n\r\n\t\t\t\t<\/h5>\r\n\t\t\t\t\t<\/div>\r\n\t\t\t\r\n\t\t<\/div>\r\n\t\t\r\n\t<\/div>\r\n\r\n<\/div>\r\n\t\t\t\t<\/div>\r\n\t\t\t\r\n\t\t<\/div>\r\n\t\t\t\t<\/div>\r\n\t\t<div class=\"uael-post__footer\">\r\n\t\t\t\t\t<\/div>\r\n\t\t\t\t\t\t<\/div>\n\t\t\t\t<\/div>\n\t\t\t\t\t<\/div>\n\t\t<\/div>\n\t\t\t\t\t<\/div>\n\t\t<\/section>\n\t\t\t\t<\/div>","protected":false},"excerpt":{"rendered":"<p>Im\u00f3veis em Lisboa Apartamento T2 | Renovado | Elevador | Arrecada\u00e7\u00e3o | Pronto a habitar 145.000\u20ac Alvalade | 5 assoalhadas | Boas \u00e1reas | Para recuperar Moradia com 8 assoalhadas, piscina, jardim e garagem na Urb. do Calisto, Centro de Santiago do Cac\u00e9m Moradia T3 | Piscina | Jardim | Garagem | de 2010<\/p>","protected":false},"author":2,"featured_media":0,"parent":0,"menu_order":0,"comment_status":"closed","ping_status":"closed","template":"elementor_theme","meta":{"site-sidebar-layout":"no-sidebar","site-content-layout":"page-builder","ast-site-content-layout":"default","site-content-style":"default","site-sidebar-style":"default","ast-global-header-display":"","ast-banner-title-visibility":"","ast-main-header-display":"","ast-hfb-above-header-display":"","ast-hfb-below-header-display":"","ast-hfb-mobile-header-display":"","site-post-title":"disabled","ast-breadcrumbs-content":"","ast-featured-img":"disabled","footer-sml-layout":"","ast-disable-related-posts":"","theme-transparent-header-meta":"","adv-header-id-meta":"","stick-header-meta":"","header-above-stick-meta":"","header-main-stick-meta":"","header-below-stick-meta":"","astra-migrate-meta-layouts":"default","ast-page-background-enabled":"default","ast-page-background-meta":{"desktop":{"background-color":"var(--ast-global-color-4)","background-image":"","background-repeat":"repeat","background-position":"center center","background-size":"auto","background-attachment":"scroll","background-type":"","background-media":"","overlay-type":"","overlay-color":"","overlay-opacity":"","overlay-gradient":""},"tablet":{"background-color":"","background-image":"","background-repeat":"repeat","background-position":"center center","background-size":"auto","background-attachment":"scroll","background-type":"","background-media":"","overlay-type":"","overlay-color":"","overlay-opacity":"","overlay-gradient":""},"mobile":{"background-color":"","background-image":"","background-repeat":"repeat","background-position":"center center","background-size":"auto","background-attachment":"scroll","background-type":"","background-media":"","overlay-type":"","overlay-color":"","overlay-opacity":"","overlay-gradient":""}},"ast-content-background-meta":{"desktop":{"background-color":"var(--ast-global-color-5)","background-image":"","background-repeat":"repeat","background-position":"center center","background-size":"auto","background-attachment":"scroll","background-type":"","background-media":"","overlay-type":"","overlay-color":"","overlay-opacity":"","overlay-gradient":""},"tablet":{"background-color":"var(--ast-global-color-5)","background-image":"","background-repeat":"repeat","background-position":"center center","background-size":"auto","background-attachment":"scroll","background-type":"","background-media":"","overlay-type":"","overlay-color":"","overlay-opacity":"","overlay-gradient":""},"mobile":{"background-color":"var(--ast-global-color-5)","background-image":"","background-repeat":"repeat","background-position":"center center","background-size":"auto","background-attachment":"scroll","background-type":"","background-media":"","overlay-type":"","overlay-color":"","overlay-opacity":"","overlay-gradient":""}},"footnotes":""},"class_list":["post-2350","page","type-page","status-publish","hentry"],"acf":[],"_links":{"self":[{"href":"https:\/\/www.ernestodafonseca.com\/en\/wp-json\/wp\/v2\/pages\/2350","targetHints":{"allow":["GET"]}}],"collection":[{"href":"https:\/\/www.ernestodafonseca.com\/en\/wp-json\/wp\/v2\/pages"}],"about":[{"href":"https:\/\/www.ernestodafonseca.com\/en\/wp-json\/wp\/v2\/types\/page"}],"author":[{"embeddable":true,"href":"https:\/\/www.ernestodafonseca.com\/en\/wp-json\/wp\/v2\/users\/2"}],"replies":[{"embeddable":true,"href":"https:\/\/www.ernestodafonseca.com\/en\/wp-json\/wp\/v2\/comments?post=2350"}],"version-history":[{"count":24,"href":"https:\/\/www.ernestodafonseca.com\/en\/wp-json\/wp\/v2\/pages\/2350\/revisions"}],"predecessor-version":[{"id":2394,"href":"https:\/\/www.ernestodafonseca.com\/en\/wp-json\/wp\/v2\/pages\/2350\/revisions\/2394"}],"wp:attachment":[{"href":"https:\/\/www.ernestodafonseca.com\/en\/wp-json\/wp\/v2\/media?parent=2350"}],"curies":[{"name":"wp","href":"https:\/\/api.w.org\/{rel}","templated":true}]}}